{"id":945,"date":"2026-03-17T12:59:02","date_gmt":"2026-03-17T11:59:02","guid":{"rendered":"https:\/\/immocom.de\/meet\/?page_id=945"},"modified":"2026-04-21T12:55:02","modified_gmt":"2026-04-21T10:55:02","slug":"ig-halle-programm","status":"publish","type":"page","link":"https:\/\/immocom.de\/meet\/ig-halle\/ig-halle-programm\/","title":{"rendered":"IG-Halle Programm"},"content":{"rendered":"\t\t<div data-elementor-type=\"wp-page\" data-elementor-id=\"945\" class=\"elementor elementor-945\">\n\t\t\t\t<div class=\"elementor-element elementor-element-cc402d3 e-flex e-con-boxed e-con e-parent\" data-id=\"cc402d3\" data-element_type=\"container\" data-e-type=\"container\">\n\t\t\t\t\t<div class=\"e-con-inner\">\n\t\t\t\t<div class=\"elementor-element elementor-element-e876ab9 elementor-widget elementor-widget-text-editor\" data-id=\"e876ab9\" data-element_type=\"widget\" data-e-type=\"widget\" data-widget_type=\"text-editor.default\">\n\t\t\t\t\t\t\t\t\t<div><h1><b>Hallesches\u00a0<br \/>Immobiliengespr\u00e4ch<\/b><\/h1><\/div><p>By IMMOCOM<\/p><div>23.04.2026 | Einlass 18:15 Uhr | Beginn 19:00 Uhr | Dorint Charlottenhof Halle (Saale)<\/div>\t\t\t\t\t\t\t\t<\/div>\n\t\t\t\t<div class=\"elementor-element elementor-element-89243ce elementor-widget elementor-widget-heading\" data-id=\"89243ce\" data-element_type=\"widget\" data-e-type=\"widget\" data-widget_type=\"heading.default\">\n\t\t\t\t\t<h2 class=\"elementor-heading-title elementor-size-default\">Programm<\/h2>\t\t\t\t<\/div>\n\t\t\t\t\t<\/div>\n\t\t\t\t<\/div>\n\t\t<div class=\"elementor-element elementor-element-6ae7942 e-flex e-con-boxed e-con e-parent\" data-id=\"6ae7942\" data-element_type=\"container\" data-e-type=\"container\">\n\t\t\t\t\t<div class=\"e-con-inner\">\n\t\t\t\t<div class=\"elementor-element elementor-element-289c918 elementor-widget elementor-widget-text-editor\" data-id=\"289c918\" data-element_type=\"widget\" data-e-type=\"widget\" data-widget_type=\"text-editor.default\">\n\t\t\t\t\t\t\t\t\t<p><b>18:15<\/b><strong> Uhr bis 19:00 Uhr &#8211; Einlass\u00a0<\/strong><\/p><p><strong>ab 19:00 Uhr<\/strong><br \/><strong>\u201eStandentwicklung unter Druck? Finanzierung, Bau und Szenarien f\u00fcr Halle in einem dynamischen Umfeld.\u201c<\/strong><\/p><p>Gru\u00dfwort:<br \/><strong>Peter Pfeffer<\/strong>, Stellvertretender Vorsitz BFW Landesverband Mitteldeutschland e.V.<\/p><p>Vortrag:<br \/><b>Torsten H\u00e4\u00dfler<\/b>, Bereichsleitung Firmenkunden Volksbank Halle (Saale) eG<\/p><p>Podium:<br \/><span style=\"font-weight: bold;\">Christopher Hammerschmidt<\/span>, Gesch\u00e4ftsf\u00fchrender Gesellschafter Hammerschmidt Architects GmbH<br \/><b>Torsten H\u00e4\u00dfler<\/b>, Prokurist und Bereichsleiter Firmenkunden bei der Volksbank Halle (Saale) eG<br \/><span style=\"font-weight: bold;\">Elmar Limley<\/span>, Technical Manager INDUSTRIA Immobilien GmbH<br \/><strong>Ren\u00e9 Rebenstorf<\/strong>, Beigeordneter f\u00fcr Stadtentwicklung, Umwelt und Sicherheit der Stadt Halle (Saale)<br \/><b>Robert Weber<\/b>,\u00a0Gesch\u00e4ftsf\u00fchrer Entwicklungs- und Verwaltungsgesellschaft Halle-Saalkreis mbH<\/p>\t\t\t\t\t\t\t\t<\/div>\n\t\t\t\t\t<\/div>\n\t\t\t\t<\/div>\n\t\t<div class=\"elementor-element elementor-element-29e54ac e-flex e-con-boxed e-con e-parent\" data-id=\"29e54ac\" data-element_type=\"container\" data-e-type=\"container\" data-settings=\"{&quot;background_background&quot;:&quot;classic&quot;}\">\n\t\t\t\t\t<div class=\"e-con-inner\">\n\t\t<div class=\"elementor-element elementor-element-a5c1399 e-con-full e-flex e-con e-child\" data-id=\"a5c1399\" data-element_type=\"container\" data-e-type=\"container\">\n\t\t<div class=\"elementor-element elementor-element-6343420 e-con-full e-flex e-con e-child\" data-id=\"6343420\" data-element_type=\"container\" data-e-type=\"container\" data-settings=\"{&quot;background_background&quot;:&quot;classic&quot;}\">\n\t\t\t\t<div class=\"elementor-element elementor-element-b9910f5 elementor-view-default elementor-widget elementor-widget-icon\" data-id=\"b9910f5\" data-element_type=\"widget\" data-e-type=\"widget\" data-widget_type=\"icon.default\">\n\t\t\t\t\t\t\t<div class=\"elementor-icon-wrapper\">\n\t\t\t<div class=\"elementor-icon\">\n\t\t\t<svg aria-hidden=\"true\" class=\"e-font-icon-svg e-fas-hands-helping\" viewBox=\"0 0 640 512\" xmlns=\"http:\/\/www.w3.org\/2000\/svg\"><path d=\"M488 192H336v56c0 39.7-32.3 72-72 72s-72-32.3-72-72V126.4l-64.9 39C107.8 176.9 96 197.8 96 220.2v47.3l-80 46.2C.7 322.5-4.6 342.1 4.3 357.4l80 138.6c8.8 15.3 28.4 20.5 43.7 11.7L231.4 448H368c35.3 0 64-28.7 64-64h16c17.7 0 32-14.3 32-32v-64h8c13.3 0 24-10.7 24-24v-48c0-13.3-10.7-24-24-24zm147.7-37.4L555.7 16C546.9.7 527.3-4.5 512 4.3L408.6 64H306.4c-12 0-23.7 3.4-33.9 9.7L239 94.6c-9.4 5.8-15 16.1-15 27.1V248c0 22.1 17.9 40 40 40s40-17.9 40-40v-88h184c30.9 0 56 25.1 56 56v28.5l80-46.2c15.3-8.9 20.5-28.4 11.7-43.7z\"><\/path><\/svg>\t\t\t<\/div>\n\t\t<\/div>\n\t\t\t\t\t\t<\/div>\n\t\t\t\t<div class=\"elementor-element elementor-element-7bc3098 elementor-align-center elementor-widget elementor-widget-button\" data-id=\"7bc3098\" data-element_type=\"widget\" data-e-type=\"widget\" data-widget_type=\"button.default\">\n\t\t\t\t\t\t\t\t\t\t<a class=\"elementor-button elementor-button-link elementor-size-sm\" href=\"https:\/\/www.immocom.com\/wp-content\/uploads\/2025\/04\/Formular_Sponsoringpakete.pdf\" target=\"_blank\">\n\t\t\t\t\t\t<span class=\"elementor-button-content-wrapper\">\n\t\t\t\t\t\t\t\t\t<span class=\"elementor-button-text\">Partner werden<\/span>\n\t\t\t\t\t<\/span>\n\t\t\t\t\t<\/a>\n\t\t\t\t\t\t\t\t<\/div>\n\t\t\t\t<\/div>\n\t\t<div class=\"elementor-element elementor-element-748ae89 e-con-full e-flex e-con e-child\" data-id=\"748ae89\" data-element_type=\"container\" data-e-type=\"container\" data-settings=\"{&quot;background_background&quot;:&quot;classic&quot;}\">\n\t\t\t\t<div class=\"elementor-element elementor-element-0676dbf elementor-view-default elementor-widget elementor-widget-icon\" data-id=\"0676dbf\" data-element_type=\"widget\" data-e-type=\"widget\" data-widget_type=\"icon.default\">\n\t\t\t\t\t\t\t<div class=\"elementor-icon-wrapper\">\n\t\t\t<div class=\"elementor-icon\">\n\t\t\t<svg aria-hidden=\"true\" class=\"e-font-icon-svg e-fas-bahai\" viewBox=\"0 0 512 512\" xmlns=\"http:\/\/www.w3.org\/2000\/svg\"><path d=\"M496.25 202.52l-110-15.44 41.82-104.34c6.67-16.64-11.6-32.18-26.59-22.63L307.44 120 273.35 12.82C270.64 4.27 263.32 0 256 0c-7.32 0-14.64 4.27-17.35 12.82l-34.09 107.19-94.04-59.89c-14.99-9.55-33.25 5.99-26.59 22.63l41.82 104.34-110 15.43c-17.54 2.46-21.68 26.27-6.03 34.67l98.16 52.66-74.48 83.54c-10.92 12.25-1.72 30.93 13.29 30.93 1.31 0 2.67-.14 4.07-.45l108.57-23.65-4.11 112.55c-.43 11.65 8.87 19.22 18.41 19.22 5.15 0 10.39-2.21 14.2-7.18l68.18-88.9 68.18 88.9c3.81 4.97 9.04 7.18 14.2 7.18 9.54 0 18.84-7.57 18.41-19.22l-4.11-112.55 108.57 23.65c17.36 3.76 29.21-17.2 17.35-30.49l-74.48-83.54 98.16-52.66c15.64-8.39 11.5-32.2-6.04-34.66zM338.51 311.68l-51.89-11.3 1.97 53.79L256 311.68l-32.59 42.49 1.96-53.79-51.89 11.3 35.6-39.93-46.92-25.17 52.57-7.38-19.99-49.87 44.95 28.62L256 166.72l16.29 51.23 44.95-28.62-19.99 49.87 52.57 7.38-46.92 25.17 35.61 39.93z\"><\/path><\/svg>\t\t\t<\/div>\n\t\t<\/div>\n\t\t\t\t\t\t<\/div>\n\t\t\t\t<div class=\"elementor-element elementor-element-f19a8f1 elementor-align-center elementor-widget elementor-widget-button\" data-id=\"f19a8f1\" data-element_type=\"widget\" data-e-type=\"widget\" data-widget_type=\"button.default\">\n\t\t\t\t\t\t\t\t\t\t<a class=\"elementor-button elementor-button-link elementor-size-sm\" href=\"https:\/\/www.immocom.com\/wp-content\/uploads\/2025\/04\/IMMOCOM_Mediadaten2025_Event_Produktuebersicht.pdf\" target=\"_blank\">\n\t\t\t\t\t\t<span class=\"elementor-button-content-wrapper\">\n\t\t\t\t\t\t\t\t\t<span class=\"elementor-button-text\">Leistungen und Produkte<\/span>\n\t\t\t\t\t<\/span>\n\t\t\t\t\t<\/a>\n\t\t\t\t\t\t\t\t<\/div>\n\t\t\t\t<\/div>\n\t\t\t\t<\/div>\n\t\t\t\t\t<\/div>\n\t\t\t\t<\/div>\n\t\t<div class=\"elementor-element elementor-element-689536e e-flex e-con-boxed e-con e-parent\" data-id=\"689536e\" data-element_type=\"container\" data-e-type=\"container\">\n\t\t\t\t\t<div class=\"e-con-inner\">\n\t\t\t\t\t<\/div>\n\t\t\t\t<\/div>\n\t\t\t\t<\/div>\n\t\t","protected":false},"excerpt":{"rendered":"<p>Hallesches\u00a0Immobiliengespr\u00e4ch By IMMOCOM 23.04.2026 | Einlass 18:15 Uhr | Beginn 19:00 Uhr | Dorint Charlottenhof Halle (Saale) Programm 18:15 Uhr bis 19:00 Uhr &#8211; Einlass\u00a0 ab 19:00 Uhr\u201eStandentwicklung unter Druck? Finanzierung, Bau und Szenarien f\u00fcr Halle in einem dynamischen Umfeld.\u201c Gru\u00dfwort:Peter Pfeffer, Stellvertretender Vorsitz BFW Landesverband Mitteldeutschland e.V. Vortrag:Torsten H\u00e4\u00dfler, Bereichsleitung Firmenkunden Volksbank Halle (Saale) &#8230; <a title=\"IG-Halle Programm\" class=\"read-more\" href=\"https:\/\/immocom.de\/meet\/ig-halle\/ig-halle-programm\/\" aria-label=\"Mehr Informationen \u00fcber IG-Halle Programm\">Weiterlesen<\/a><\/p>\n","protected":false},"author":1,"featured_media":0,"parent":943,"menu_order":0,"comment_status":"closed","ping_status":"closed","template":"","meta":{"_acf_changed":false,"footnotes":""},"class_list":["post-945","page","type-page","status-publish"],"acf":[],"_links":{"self":[{"href":"https:\/\/immocom.de\/meet\/wp-json\/wp\/v2\/pages\/945","targetHints":{"allow":["GET"]}}],"collection":[{"href":"https:\/\/immocom.de\/meet\/wp-json\/wp\/v2\/pages"}],"about":[{"href":"https:\/\/immocom.de\/meet\/wp-json\/wp\/v2\/types\/page"}],"author":[{"embeddable":true,"href":"https:\/\/immocom.de\/meet\/wp-json\/wp\/v2\/users\/1"}],"replies":[{"embeddable":true,"href":"https:\/\/immocom.de\/meet\/wp-json\/wp\/v2\/comments?post=945"}],"version-history":[{"count":31,"href":"https:\/\/immocom.de\/meet\/wp-json\/wp\/v2\/pages\/945\/revisions"}],"predecessor-version":[{"id":1564,"href":"https:\/\/immocom.de\/meet\/wp-json\/wp\/v2\/pages\/945\/revisions\/1564"}],"up":[{"embeddable":true,"href":"https:\/\/immocom.de\/meet\/wp-json\/wp\/v2\/pages\/943"}],"wp:attachment":[{"href":"https:\/\/immocom.de\/meet\/wp-json\/wp\/v2\/media?parent=945"}],"curies":[{"name":"wp","href":"https:\/\/api.w.org\/{rel}","templated":true}]}}