{"id":323,"date":"2026-01-31T23:32:54","date_gmt":"2026-01-31T22:32:54","guid":{"rendered":"https:\/\/immocom.de\/meet\/?page_id=323"},"modified":"2026-04-07T12:31:57","modified_gmt":"2026-04-07T10:31:57","slug":"supporting-partners","status":"publish","type":"page","link":"https:\/\/immocom.de\/meet\/meet\/supporting-partners\/","title":{"rendered":"REM Supporting Partners"},"content":{"rendered":"\t\t<div data-elementor-type=\"wp-page\" data-elementor-id=\"323\" class=\"elementor elementor-323\">\n\t\t\t\t<div class=\"elementor-element elementor-element-cc402d3 e-flex e-con-boxed e-con e-parent\" data-id=\"cc402d3\" data-element_type=\"container\" data-e-type=\"container\">\n\t\t\t\t\t<div class=\"e-con-inner\">\n\t\t\t\t<div class=\"elementor-element elementor-element-3c1c12d elementor-widget elementor-widget-text-editor\" data-id=\"3c1c12d\" data-element_type=\"widget\" data-e-type=\"widget\" data-widget_type=\"text-editor.default\">\n\t\t\t\t\t\t\t\t\t<div><h1><b>Real Estate<br \/>Mitteldeutschland<\/b><\/h1><\/div><p>By IMMOCOM<\/p><div>16.06.2026 | Einlass 08:30 Uhr | Beginn 09:30 Uhr |\u00a0<span data-olk-copy-source=\"MessageBody\">Leipziger Messe \/ Messehaus<\/span><\/div>\t\t\t\t\t\t\t\t<\/div>\n\t\t\t\t<div class=\"elementor-element elementor-element-bf8e215 elementor-widget elementor-widget-heading\" data-id=\"bf8e215\" data-element_type=\"widget\" data-e-type=\"widget\" data-widget_type=\"heading.default\">\n\t\t\t\t\t<h2 class=\"elementor-heading-title elementor-size-default\">Premium-Partner<\/h2>\t\t\t\t<\/div>\n\t\t\t\t<div class=\"elementor-element elementor-element-5d61f44 elementor-widget elementor-widget-immocom_sponsors\" data-id=\"5d61f44\" data-element_type=\"widget\" data-e-type=\"widget\" data-widget_type=\"immocom_sponsors.default\">\n\t\t\t\t<div class=\"elementor-widget-container\">\n\t\t\t\t\t<style>\n            #isp-5d61f44 .isp-grid{display:grid;grid-template-columns:repeat(4,1fr);}\n            @media(max-width:1024px){#isp-5d61f44 .isp-grid{grid-template-columns:repeat(3,1fr);}}\n            @media(max-width:767px){#isp-5d61f44 .isp-grid{grid-template-columns:repeat(2,1fr);}}\n            #isp-5d61f44 .isp-card{display:flex;flex-direction:column;align-items:center;justify-content:center;transition:transform .25s;}\n            #isp-5d61f44 .isp-card:hover{transform:translateY(-4px);}\n            #isp-5d61f44 .isp-logo{display:flex;align-items:center;justify-content:center;margin:0 auto;}\n            #isp-5d61f44 .isp-logo img{width:100%;height:100%;object-fit:contain;box-sizing:border-box;}\n            \n            #isp-5d61f44 .isp-name{margin:12px 0 0;text-align:center;}\n            #isp-5d61f44 a.isp-link{text-decoration:none;display:flex;flex-direction:column;width:100%;}\n            #isp-5d61f44 .isp-group-title{margin-top:0;}\n        <\/style><div id=\"isp-5d61f44\"><div class=\"isp-grid\"><div class=\"isp-card\"><a class=\"isp-link\" href=\"https:\/\/immocom.de\/meet\/sponsor\/jones-lang-lasalle-se\/\" target=\"_self\" aria-label=\"Jones Lang LaSalle SE\"><div class=\"isp-logo\"><img decoding=\"async\" src=\"https:\/\/immocom.de\/meet\/wp-content\/uploads\/2026\/03\/JLL-Logo-Positive-10-29mm-RGB-scaled.png\" alt=\"Jones Lang LaSalle SE\" loading=\"lazy\"><\/div><\/a><\/div><div class=\"isp-card\"><a class=\"isp-link\" href=\"https:\/\/immocom.de\/meet\/sponsor\/schindler-deutschland-ag-co-kg\/\" target=\"_self\" aria-label=\"Schindler Deutschland AG &amp; Co. KG\"><div class=\"isp-logo\"><img decoding=\"async\" src=\"https:\/\/immocom.de\/meet\/wp-content\/uploads\/2026\/03\/Schindler_Logo_300x155.png\" alt=\"Schindler Deutschland AG &amp; Co. KG\" loading=\"lazy\"><\/div><\/a><\/div><div class=\"isp-card\"><a class=\"isp-link\" href=\"https:\/\/immocom.de\/meet\/sponsor\/sparkasse-leipzig\/\" target=\"_self\" aria-label=\"Sparkasse Leipzig\"><div class=\"isp-logo\"><img decoding=\"async\" src=\"https:\/\/immocom.de\/meet\/wp-content\/uploads\/2026\/02\/6991e73c3f427f7b91db966c37590f19.gif\" alt=\"Sparkasse Leipzig\" loading=\"lazy\"><\/div><\/a><\/div><div class=\"isp-card\"><a class=\"isp-link\" href=\"https:\/\/immocom.de\/meet\/sponsor\/stadtwerke-leipzig-gmbh-2\/\" target=\"_self\" aria-label=\"Stadtwerke Leipzig GmbH\"><div class=\"isp-logo\"><img decoding=\"async\" src=\"https:\/\/immocom.de\/meet\/wp-content\/uploads\/2026\/03\/logo_swl_120x48.jpg\" alt=\"Stadtwerke Leipzig GmbH\" loading=\"lazy\"><\/div><\/a><\/div><div class=\"isp-card\"><a class=\"isp-link\" href=\"https:\/\/immocom.de\/meet\/sponsor\/zueblin-ag\/\" target=\"_self\" aria-label=\"Z\u00fcblin AG\"><div class=\"isp-logo\"><img decoding=\"async\" src=\"https:\/\/immocom.de\/meet\/wp-content\/uploads\/2026\/02\/Zueblin_Logo_2023_RGB.jpg\" alt=\"Z\u00fcblin AG\" loading=\"lazy\"><\/div><\/a><\/div><\/div><\/div>\t\t\t\t<\/div>\n\t\t\t\t<\/div>\n\t\t\t\t<div class=\"elementor-element elementor-element-dc6f98e elementor-widget elementor-widget-heading\" data-id=\"dc6f98e\" data-element_type=\"widget\" data-e-type=\"widget\" data-widget_type=\"heading.default\">\n\t\t\t\t\t<h2 class=\"elementor-heading-title elementor-size-default\">Partner<\/h2>\t\t\t\t<\/div>\n\t\t\t\t<div class=\"elementor-element elementor-element-ae58e20 elementor-widget elementor-widget-immocom_sponsors\" data-id=\"ae58e20\" data-element_type=\"widget\" data-e-type=\"widget\" data-widget_type=\"immocom_sponsors.default\">\n\t\t\t\t<div class=\"elementor-widget-container\">\n\t\t\t\t\t<style>\n            #isp-ae58e20 .isp-grid{display:grid;grid-template-columns:repeat(4,1fr);}\n            @media(max-width:1024px){#isp-ae58e20 .isp-grid{grid-template-columns:repeat(3,1fr);}}\n            @media(max-width:767px){#isp-ae58e20 .isp-grid{grid-template-columns:repeat(2,1fr);}}\n            #isp-ae58e20 .isp-card{display:flex;flex-direction:column;align-items:center;justify-content:center;transition:transform .25s;}\n            #isp-ae58e20 .isp-card:hover{transform:translateY(-4px);}\n            #isp-ae58e20 .isp-logo{display:flex;align-items:center;justify-content:center;margin:0 auto;}\n            #isp-ae58e20 .isp-logo img{width:100%;height:100%;object-fit:contain;box-sizing:border-box;}\n            \n            #isp-ae58e20 .isp-name{margin:12px 0 0;text-align:center;}\n            #isp-ae58e20 a.isp-link{text-decoration:none;display:flex;flex-direction:column;width:100%;}\n            #isp-ae58e20 .isp-group-title{margin-top:0;}\n        <\/style><div id=\"isp-ae58e20\"><div class=\"isp-grid\"><div class=\"isp-card\"><a class=\"isp-link\" href=\"https:\/\/immocom.de\/meet\/sponsor\/bosch-thermotechnik-gmbh\/\" target=\"_self\" aria-label=\"Bosch Thermotechnik GmbH\"><div class=\"isp-logo\"><img decoding=\"async\" src=\"https:\/\/immocom.de\/meet\/wp-content\/uploads\/2026\/04\/Webseite.png\" alt=\"Bosch Thermotechnik GmbH\" loading=\"lazy\"><\/div><\/a><\/div><div class=\"isp-card\"><a class=\"isp-link\" href=\"https:\/\/immocom.de\/meet\/sponsor\/goldbeck-ost-gmbh\/\" target=\"_self\" aria-label=\"Goldbeck Ost GmbH\"><div class=\"isp-logo\"><img decoding=\"async\" src=\"https:\/\/immocom.de\/meet\/wp-content\/uploads\/2026\/03\/GB_W_k_RGB-scaled.png\" alt=\"Goldbeck Ost GmbH\" loading=\"lazy\"><\/div><\/a><\/div><div class=\"isp-card\"><a class=\"isp-link\" href=\"https:\/\/immocom.de\/meet\/sponsor\/koester-gmbh\/\" target=\"_self\" aria-label=\"K\u00f6ster GmbH\"><div class=\"isp-logo\"><img decoding=\"async\" src=\"https:\/\/immocom.de\/meet\/wp-content\/uploads\/2026\/03\/Koester-Logo.png\" alt=\"K\u00f6ster GmbH\" loading=\"lazy\"><\/div><\/a><\/div><div class=\"isp-card\"><a class=\"isp-link\" href=\"https:\/\/immocom.de\/meet\/sponsor\/rewe-markt-gmbh\/\" target=\"_self\" aria-label=\"Rewe Markt GmbH\"><div class=\"isp-logo\"><img decoding=\"async\" src=\"https:\/\/immocom.de\/meet\/wp-content\/uploads\/2026\/03\/VtrL_REWE_neg_640.jpg\" alt=\"Rewe Markt GmbH\" loading=\"lazy\"><\/div><\/a><\/div><div class=\"isp-card\"><a class=\"isp-link\" href=\"https:\/\/immocom.de\/meet\/sponsor\/rom-facility-solutions\/\" target=\"_self\" aria-label=\"ROM Facility Solutions\"><div class=\"isp-logo\"><img decoding=\"async\" src=\"https:\/\/immocom.de\/meet\/wp-content\/uploads\/2026\/02\/ROMFacilitySolutions-e1771846732103.png\" alt=\"ROM Facility Solutions\" loading=\"lazy\"><\/div><\/a><\/div><div class=\"isp-card\"><a class=\"isp-link\" href=\"https:\/\/immocom.de\/meet\/sponsor\/sab\/\" target=\"_self\" aria-label=\"SAB\"><div class=\"isp-logo\"><img decoding=\"async\" src=\"https:\/\/immocom.de\/meet\/wp-content\/uploads\/2026\/02\/SAB-Logo_300x155.jpg\" alt=\"SAB\" loading=\"lazy\"><\/div><\/a><\/div><\/div><\/div>\t\t\t\t<\/div>\n\t\t\t\t<\/div>\n\t\t\t\t<div class=\"elementor-element elementor-element-ca99b68 elementor-widget elementor-widget-heading\" data-id=\"ca99b68\" data-element_type=\"widget\" data-e-type=\"widget\" data-widget_type=\"heading.default\">\n\t\t\t\t\t<h2 class=\"elementor-heading-title elementor-size-default\">Aussteller<\/h2>\t\t\t\t<\/div>\n\t\t\t\t<div class=\"elementor-element elementor-element-fe17864 elementor-arrows-position-inside elementor-pagination-position-outside elementor-widget elementor-widget-image-carousel\" data-id=\"fe17864\" data-element_type=\"widget\" data-e-type=\"widget\" data-settings=\"{&quot;slides_to_show&quot;:&quot;3&quot;,&quot;lazyload&quot;:&quot;yes&quot;,&quot;navigation&quot;:&quot;both&quot;,&quot;autoplay&quot;:&quot;yes&quot;,&quot;pause_on_hover&quot;:&quot;yes&quot;,&quot;pause_on_interaction&quot;:&quot;yes&quot;,&quot;autoplay_speed&quot;:5000,&quot;infinite&quot;:&quot;yes&quot;,&quot;speed&quot;:500}\" data-widget_type=\"image-carousel.default\">\n\t\t\t\t\t\t\t<div class=\"elementor-image-carousel-wrapper swiper\" role=\"region\" aria-roledescription=\"carousel\" aria-label=\"Bild Karussell\" dir=\"ltr\">\n\t\t\t<div class=\"elementor-image-carousel swiper-wrapper\" aria-live=\"off\">\n\t\t\t\t\t\t\t\t<div class=\"swiper-slide\" role=\"group\" aria-roledescription=\"slide\" aria-label=\"1 von 6\"><figure class=\"swiper-slide-inner\"><img class=\"swiper-slide-image swiper-lazy\" data-src=\"https:\/\/immocom.de\/meet\/wp-content\/uploads\/2026\/02\/L_Stadtwerke-300x87.png\" alt=\"Stadtwerke Leipzig GmbH\" \/><div class=\"swiper-lazy-preloader\"><\/div><figcaption class=\"elementor-image-carousel-caption\">Stadtwerke Leipzig GmbH<\/figcaption><\/figure><\/div><div class=\"swiper-slide\" role=\"group\" aria-roledescription=\"slide\" aria-label=\"2 von 6\"><figure class=\"swiper-slide-inner\"><img class=\"swiper-slide-image swiper-lazy\" data-src=\"https:\/\/immocom.de\/meet\/wp-content\/uploads\/2026\/02\/Zueblin_Logo_2023_RGB-300x103.jpg\" alt=\"Z\u00fcblin AG\" \/><div class=\"swiper-lazy-preloader\"><\/div><figcaption class=\"elementor-image-carousel-caption\">Z\u00fcblin AG<\/figcaption><\/figure><\/div><div class=\"swiper-slide\" role=\"group\" aria-roledescription=\"slide\" aria-label=\"3 von 6\"><figure class=\"swiper-slide-inner\"><img class=\"swiper-slide-image swiper-lazy\" data-src=\"https:\/\/immocom.de\/meet\/wp-content\/uploads\/2026\/02\/6991e73c3f427f7b91db966c37590f19-300x141.gif\" alt=\"Sparkasse Leipzig\" \/><div class=\"swiper-lazy-preloader\"><\/div><figcaption class=\"elementor-image-carousel-caption\">Sparkasse Leipzig<\/figcaption><\/figure><\/div><div class=\"swiper-slide\" role=\"group\" aria-roledescription=\"slide\" aria-label=\"4 von 6\"><figure class=\"swiper-slide-inner\"><img class=\"swiper-slide-image swiper-lazy\" data-src=\"https:\/\/immocom.de\/meet\/wp-content\/uploads\/2026\/02\/SAB-Logo_300x155.jpg\" alt=\"S\u00e4chsische Aufbaubank - F\u00f6rderbank - (SAB)\" \/><div class=\"swiper-lazy-preloader\"><\/div><figcaption class=\"elementor-image-carousel-caption\">S\u00e4chsische Aufbaubank - F\u00f6rderbank - (SAB)<\/figcaption><\/figure><\/div><div class=\"swiper-slide\" role=\"group\" aria-roledescription=\"slide\" aria-label=\"5 von 6\"><figure class=\"swiper-slide-inner\"><img class=\"swiper-slide-image swiper-lazy\" data-src=\"https:\/\/immocom.de\/meet\/wp-content\/uploads\/2026\/02\/ROMFacilitySolutions-300x150.png\" alt=\"ROM Facility Solutions GmbH\" \/><div class=\"swiper-lazy-preloader\"><\/div><figcaption class=\"elementor-image-carousel-caption\"> ROM Facility Solutions GmbH<\/figcaption><\/figure><\/div><div class=\"swiper-slide\" role=\"group\" aria-roledescription=\"slide\" aria-label=\"6 von 6\"><figure class=\"swiper-slide-inner\"><img class=\"swiper-slide-image swiper-lazy\" data-src=\"https:\/\/immocom.de\/meet\/wp-content\/uploads\/2026\/02\/Schindler_Logo_300x155.png\" alt=\"Schindler Deutschland AG &amp; Co. KG\" \/><div class=\"swiper-lazy-preloader\"><\/div><figcaption class=\"elementor-image-carousel-caption\">Schindler Deutschland AG &amp; Co. KG<\/figcaption><\/figure><\/div>\t\t\t<\/div>\n\t\t\t\t\t\t\t\t\t\t\t\t<div class=\"elementor-swiper-button elementor-swiper-button-prev\" role=\"button\" tabindex=\"0\">\n\t\t\t\t\t\t<svg aria-hidden=\"true\" class=\"e-font-icon-svg e-eicon-chevron-left\" viewBox=\"0 0 1000 1000\" xmlns=\"http:\/\/www.w3.org\/2000\/svg\"><path d=\"M646 125C629 125 613 133 604 142L308 442C296 454 292 471 292 487 292 504 296 521 308 533L604 854C617 867 629 875 646 875 663 875 679 871 692 858 704 846 713 829 713 812 713 796 708 779 692 767L438 487 692 225C700 217 708 204 708 187 708 171 704 154 692 142 675 129 663 125 646 125Z\"><\/path><\/svg>\t\t\t\t\t<\/div>\n\t\t\t\t\t<div class=\"elementor-swiper-button elementor-swiper-button-next\" role=\"button\" tabindex=\"0\">\n\t\t\t\t\t\t<svg aria-hidden=\"true\" class=\"e-font-icon-svg e-eicon-chevron-right\" viewBox=\"0 0 1000 1000\" xmlns=\"http:\/\/www.w3.org\/2000\/svg\"><path d=\"M696 533C708 521 713 504 713 487 713 471 708 454 696 446L400 146C388 133 375 125 354 125 338 125 325 129 313 142 300 154 292 171 292 187 292 204 296 221 308 233L563 492 304 771C292 783 288 800 288 817 288 833 296 850 308 863 321 871 338 875 354 875 371 875 388 867 400 854L696 533Z\"><\/path><\/svg>\t\t\t\t\t<\/div>\n\t\t\t\t\n\t\t\t\t\t\t\t\t\t<div class=\"swiper-pagination\"><\/div>\n\t\t\t\t\t\t\t\t\t<\/div>\n\t\t\t\t\t\t<\/div>\n\t\t\t\t\t<\/div>\n\t\t\t\t<\/div>\n\t\t<div class=\"elementor-element elementor-element-07589ec e-flex e-con-boxed e-con e-parent\" data-id=\"07589ec\" data-element_type=\"container\" data-e-type=\"container\" data-settings=\"{&quot;background_background&quot;:&quot;classic&quot;}\">\n\t\t\t\t\t<div class=\"e-con-inner\">\n\t\t<div class=\"elementor-element elementor-element-85765cb e-con-full e-flex e-con e-child\" data-id=\"85765cb\" data-element_type=\"container\" data-e-type=\"container\">\n\t\t<div class=\"elementor-element elementor-element-cf91c9b e-con-full e-flex e-con e-child\" data-id=\"cf91c9b\" data-element_type=\"container\" data-e-type=\"container\" data-settings=\"{&quot;background_background&quot;:&quot;classic&quot;}\">\n\t\t\t\t<div class=\"elementor-element elementor-element-955caa6 elementor-view-default elementor-widget elementor-widget-icon\" data-id=\"955caa6\" data-element_type=\"widget\" data-e-type=\"widget\" data-widget_type=\"icon.default\">\n\t\t\t\t\t\t\t<div class=\"elementor-icon-wrapper\">\n\t\t\t<div class=\"elementor-icon\">\n\t\t\t<svg aria-hidden=\"true\" class=\"e-font-icon-svg e-fas-hands-helping\" viewBox=\"0 0 640 512\" xmlns=\"http:\/\/www.w3.org\/2000\/svg\"><path d=\"M488 192H336v56c0 39.7-32.3 72-72 72s-72-32.3-72-72V126.4l-64.9 39C107.8 176.9 96 197.8 96 220.2v47.3l-80 46.2C.7 322.5-4.6 342.1 4.3 357.4l80 138.6c8.8 15.3 28.4 20.5 43.7 11.7L231.4 448H368c35.3 0 64-28.7 64-64h16c17.7 0 32-14.3 32-32v-64h8c13.3 0 24-10.7 24-24v-48c0-13.3-10.7-24-24-24zm147.7-37.4L555.7 16C546.9.7 527.3-4.5 512 4.3L408.6 64H306.4c-12 0-23.7 3.4-33.9 9.7L239 94.6c-9.4 5.8-15 16.1-15 27.1V248c0 22.1 17.9 40 40 40s40-17.9 40-40v-88h184c30.9 0 56 25.1 56 56v28.5l80-46.2c15.3-8.9 20.5-28.4 11.7-43.7z\"><\/path><\/svg>\t\t\t<\/div>\n\t\t<\/div>\n\t\t\t\t\t\t<\/div>\n\t\t\t\t<div class=\"elementor-element elementor-element-435d8ef elementor-align-center elementor-widget elementor-widget-button\" data-id=\"435d8ef\" data-element_type=\"widget\" data-e-type=\"widget\" data-widget_type=\"button.default\">\n\t\t\t\t\t\t\t\t\t\t<a class=\"elementor-button elementor-button-link elementor-size-sm\" href=\"https:\/\/www.immocom.com\/wp-content\/uploads\/2025\/04\/Formular_Sponsoringpakete.pdf\" target=\"_blank\">\n\t\t\t\t\t\t<span class=\"elementor-button-content-wrapper\">\n\t\t\t\t\t\t\t\t\t<span class=\"elementor-button-text\">Partner werden<\/span>\n\t\t\t\t\t<\/span>\n\t\t\t\t\t<\/a>\n\t\t\t\t\t\t\t\t<\/div>\n\t\t\t\t<\/div>\n\t\t<div class=\"elementor-element elementor-element-478b52e e-con-full e-flex e-con e-child\" data-id=\"478b52e\" data-element_type=\"container\" data-e-type=\"container\" data-settings=\"{&quot;background_background&quot;:&quot;classic&quot;}\">\n\t\t\t\t<div class=\"elementor-element elementor-element-40b7748 elementor-view-default elementor-widget elementor-widget-icon\" data-id=\"40b7748\" data-element_type=\"widget\" data-e-type=\"widget\" data-widget_type=\"icon.default\">\n\t\t\t\t\t\t\t<div class=\"elementor-icon-wrapper\">\n\t\t\t<div class=\"elementor-icon\">\n\t\t\t<svg aria-hidden=\"true\" class=\"e-font-icon-svg e-fas-bahai\" viewBox=\"0 0 512 512\" xmlns=\"http:\/\/www.w3.org\/2000\/svg\"><path d=\"M496.25 202.52l-110-15.44 41.82-104.34c6.67-16.64-11.6-32.18-26.59-22.63L307.44 120 273.35 12.82C270.64 4.27 263.32 0 256 0c-7.32 0-14.64 4.27-17.35 12.82l-34.09 107.19-94.04-59.89c-14.99-9.55-33.25 5.99-26.59 22.63l41.82 104.34-110 15.43c-17.54 2.46-21.68 26.27-6.03 34.67l98.16 52.66-74.48 83.54c-10.92 12.25-1.72 30.93 13.29 30.93 1.31 0 2.67-.14 4.07-.45l108.57-23.65-4.11 112.55c-.43 11.65 8.87 19.22 18.41 19.22 5.15 0 10.39-2.21 14.2-7.18l68.18-88.9 68.18 88.9c3.81 4.97 9.04 7.18 14.2 7.18 9.54 0 18.84-7.57 18.41-19.22l-4.11-112.55 108.57 23.65c17.36 3.76 29.21-17.2 17.35-30.49l-74.48-83.54 98.16-52.66c15.64-8.39 11.5-32.2-6.04-34.66zM338.51 311.68l-51.89-11.3 1.97 53.79L256 311.68l-32.59 42.49 1.96-53.79-51.89 11.3 35.6-39.93-46.92-25.17 52.57-7.38-19.99-49.87 44.95 28.62L256 166.72l16.29 51.23 44.95-28.62-19.99 49.87 52.57 7.38-46.92 25.17 35.61 39.93z\"><\/path><\/svg>\t\t\t<\/div>\n\t\t<\/div>\n\t\t\t\t\t\t<\/div>\n\t\t\t\t<div class=\"elementor-element elementor-element-4ef1e35 elementor-align-center elementor-widget elementor-widget-button\" data-id=\"4ef1e35\" data-element_type=\"widget\" data-e-type=\"widget\" data-widget_type=\"button.default\">\n\t\t\t\t\t\t\t\t\t\t<a class=\"elementor-button elementor-button-link elementor-size-sm\" href=\"https:\/\/www.immocom.com\/wp-content\/uploads\/2025\/04\/IMMOCOM_Mediadaten2025_Event_Produktuebersicht.pdf\" target=\"_blank\">\n\t\t\t\t\t\t<span class=\"elementor-button-content-wrapper\">\n\t\t\t\t\t\t\t\t\t<span class=\"elementor-button-text\">Leistungen und Produkte<\/span>\n\t\t\t\t\t<\/span>\n\t\t\t\t\t<\/a>\n\t\t\t\t\t\t\t\t<\/div>\n\t\t\t\t<\/div>\n\t\t\t\t<\/div>\n\t\t\t\t\t<\/div>\n\t\t\t\t<\/div>\n\t\t\t\t<\/div>\n\t\t","protected":false},"excerpt":{"rendered":"<p>Real EstateMitteldeutschland By IMMOCOM 16.06.2026 | Einlass 08:30 Uhr | Beginn 09:30 Uhr |\u00a0Leipziger Messe \/ Messehaus Premium-Partner Partner Aussteller Stadtwerke Leipzig GmbH Z\u00fcblin AG Sparkasse Leipzig S\u00e4chsische Aufbaubank &#8211; F\u00f6rderbank &#8211; (SAB) ROM Facility Solutions GmbH Schindler Deutschland AG &amp; Co. KG Partner werden Leistungen und Produkte<\/p>\n","protected":false},"author":1,"featured_media":0,"parent":9,"menu_order":0,"comment_status":"closed","ping_status":"closed","template":"","meta":{"_acf_changed":false,"footnotes":""},"class_list":["post-323","page","type-page","status-publish"],"acf":[],"_links":{"self":[{"href":"https:\/\/immocom.de\/meet\/wp-json\/wp\/v2\/pages\/323","targetHints":{"allow":["GET"]}}],"collection":[{"href":"https:\/\/immocom.de\/meet\/wp-json\/wp\/v2\/pages"}],"about":[{"href":"https:\/\/immocom.de\/meet\/wp-json\/wp\/v2\/types\/page"}],"author":[{"embeddable":true,"href":"https:\/\/immocom.de\/meet\/wp-json\/wp\/v2\/users\/1"}],"replies":[{"embeddable":true,"href":"https:\/\/immocom.de\/meet\/wp-json\/wp\/v2\/comments?post=323"}],"version-history":[{"count":43,"href":"https:\/\/immocom.de\/meet\/wp-json\/wp\/v2\/pages\/323\/revisions"}],"predecessor-version":[{"id":1483,"href":"https:\/\/immocom.de\/meet\/wp-json\/wp\/v2\/pages\/323\/revisions\/1483"}],"up":[{"embeddable":true,"href":"https:\/\/immocom.de\/meet\/wp-json\/wp\/v2\/pages\/9"}],"wp:attachment":[{"href":"https:\/\/immocom.de\/meet\/wp-json\/wp\/v2\/media?parent=323"}],"curies":[{"name":"wp","href":"https:\/\/api.w.org\/{rel}","templated":true}]}}